{"id":112,"date":"2020-02-08T18:41:56","date_gmt":"2020-02-08T17:41:56","guid":{"rendered":"https:\/\/osteopathe-olivier.ovh\/?page_id=112"},"modified":"2020-02-09T14:24:33","modified_gmt":"2020-02-09T13:24:33","slug":"nourrissons","status":"publish","type":"page","link":"https:\/\/osteopathe-olivier.fr\/index.php\/nourrissons\/","title":{"rendered":"NOURRISSONS"},"content":{"rendered":"\n<div class=\"wp-block-themeisle-blocks-advanced-columns has-1-columns has-desktop-equal-layout has-tablet-equal-layout has-mobile-equal-layout has-default-gap has-vertical-unset\" id=\"wp-block-themeisle-blocks-advanced-columns-b43de30d\" style=\"border-width:0px;border-style:solid;border-color:#000000;border-radius:0px;justify-content:unset\"><div class=\"wp-themeisle-block-overlay\" style=\"opacity:0.5;mix-blend-mode:normal\"><\/div><div class=\"innerblocks-wrap\">\n<div class=\"wp-block-themeisle-blocks-advanced-column\" id=\"wp-block-themeisle-blocks-advanced-column-5872be38\" style=\"border-width:0px;border-style:solid;border-color:#000000;border-radius:0px\">\n<p>L\u2019accouchement peut \u00eatre le premier traumatisme de votre enfant. Travail trop long, trop court, accouchement difficile, utilisation d\u2019instruments (forceps, ventouses), aspiration, etc. peuvent engendrer diff\u00e9rents probl\u00e8mes chez les nourrissons.&nbsp;<\/p>\n\n\n\n<div class=\"wp-block-image\"><figure class=\"aligncenter size-large is-resized\"><img loading=\"lazy\" decoding=\"async\" src=\"https:\/\/osteopathe-olivier.ovh\/wp-content\/uploads\/2020\/02\/people-1839564_1920-1024x683.jpg\" alt=\"\" class=\"wp-image-141\" width=\"270\" height=\"179\" srcset=\"https:\/\/osteopathe-olivier.fr\/wp-content\/uploads\/2020\/02\/people-1839564_1920-1024x683.jpg 1024w, https:\/\/osteopathe-olivier.fr\/wp-content\/uploads\/2020\/02\/people-1839564_1920-300x200.jpg 300w, https:\/\/osteopathe-olivier.fr\/wp-content\/uploads\/2020\/02\/people-1839564_1920-768x512.jpg 768w, https:\/\/osteopathe-olivier.fr\/wp-content\/uploads\/2020\/02\/people-1839564_1920-1536x1024.jpg 1536w, https:\/\/osteopathe-olivier.fr\/wp-content\/uploads\/2020\/02\/people-1839564_1920-360x240.jpg 360w, https:\/\/osteopathe-olivier.fr\/wp-content\/uploads\/2020\/02\/people-1839564_1920.jpg 1920w\" sizes=\"auto, (max-width: 270px) 100vw, 270px\" \/><\/figure><\/div>\n\n\n\n<p><strong>Quand consulter ?<\/strong><\/p>\n\n\n\n<p>&#8211; quand l\u2019accouchement a \u00e9t\u00e9 difficile,<\/p>\n\n\n\n<p>&#8211; quand b\u00e9b\u00e9 est n\u00e9 avec le cordon autour du cou<\/p>\n\n\n\n<p>&#8211; quand il y a eu usage d\u2019instruments (forceps, ventouses\u2026)<\/p>\n\n\n\n<p>&#8211; si b\u00e9b\u00e9 a du \u00eatre aspir\u00e9 \u00e0 la naissance,<\/p>\n\n\n\n<p>&#8211; en cas de torticoli<\/p>\n\n\n\n<p>&#8211; en cas de r\u00e9gurgitations<\/p>\n\n\n\n<p>&#8211; si b\u00e9b\u00e9 pleure tout le temps<\/p>\n\n\n\n<p>&#8211; si la t\u00e9t\u00e9e est difficile (b\u00e9b\u00e9 t\u00eate mal, prend mal le sein &#8230;)<\/p>\n\n\n\n<p>&#8211; quand b\u00e9b\u00e9 dig\u00e8re mal<\/p>\n\n\n\n<p>&#8211; quand b\u00e9b\u00e9 se cambre en arri\u00e8re d\u00e8s qu\u2019on le prend<\/p>\n\n\n\n<p>&#8211; si il a un probl\u00e8me pour tourner la t\u00eate d\u2019un c\u00f4t\u00e9<\/p>\n\n\n\n<p>&#8211; quand il y a des troubles ORL \u00e0 r\u00e9p\u00e9tition (otite, bronchite etc.)<\/p>\n\n\n\n<figure class=\"wp-block-image size-large\"><img loading=\"lazy\" decoding=\"async\" width=\"553\" height=\"369\" src=\"https:\/\/osteopathe-olivier.ovh\/wp-content\/uploads\/2020\/02\/image-3.jpg\" alt=\"\" class=\"wp-image-113\" srcset=\"https:\/\/osteopathe-olivier.fr\/wp-content\/uploads\/2020\/02\/image-3.jpg 553w, https:\/\/osteopathe-olivier.fr\/wp-content\/uploads\/2020\/02\/image-3-300x200.jpg 300w, https:\/\/osteopathe-olivier.fr\/wp-content\/uploads\/2020\/02\/image-3-360x240.jpg 360w\" sizes=\"auto, (max-width: 553px) 100vw, 553px\" \/><\/figure>\n\n\n\n<p><strong>Comment se passe la s\u00e9ance ?<\/strong><\/p>\n\n\n\n<p>Une consultation ost\u00e9opathique p\u00e9diatrique commence par des questions pr\u00e9cises sur la grossesse, sur l\u2019accouchement et sur le d\u00e9but de vie de b\u00e9b\u00e9. Ensuite votre ost\u00e9opathe avec des gestes doux examine votre enfant afin de d\u00e9terminer les zones qui posent probl\u00e8me. Le traitement ost\u00e9opathique se fera tout en douceur afin de lui redonner l\u2019\u00e9quilibre et la mobilit\u00e9 dont il a besoin pour grandir dans de bonnes conditions.&nbsp;<\/p>\n\n\n\n<p>Si vous avez des questions n\u2019h\u00e9sitez pas \u00e0&nbsp;<a href=\"https:\/\/osteopathe-olivier.ovh\/index.php\/contact-2\/\">me contacter<\/a>.&nbsp;<\/p>\n<\/div>\n<\/div><\/div>\n","protected":false},"excerpt":{"rendered":"","protected":false},"author":1,"featured_media":0,"parent":0,"menu_order":0,"comment_status":"closed","ping_status":"closed","template":"","meta":{"site-sidebar-layout":"default","site-content-layout":"","ast-site-content-layout":"default","site-content-style":"default","site-sidebar-style":"default","ast-global-header-display":"","ast-banner-title-visibility":"","ast-main-header-display":"","ast-hfb-above-header-display":"","ast-hfb-below-header-display":"","ast-hfb-mobile-header-display":"","site-post-title":"","ast-breadcrumbs-content":"","ast-featured-img":"","footer-sml-layout":"","theme-transparent-header-meta":"","adv-header-id-meta":"","stick-header-meta":"","header-above-stick-meta":"","header-main-stick-meta":"","header-below-stick-meta":"","astra-migrate-meta-layouts":"default","ast-page-background-enabled":"default","ast-page-background-meta":{"desktop":{"background-color":"var(--ast-global-color-5)","background-image":"","background-repeat":"repeat","background-position":"center center","background-size":"auto","background-attachment":"scroll","background-type":"","background-media":"","overlay-type":"","overlay-color":"","overlay-opacity":"","overlay-gradient":""},"tablet":{"background-color":"","background-image":"","background-repeat":"repeat","background-position":"center center","background-size":"auto","background-attachment":"scroll","background-type":"","background-media":"","overlay-type":"","overlay-color":"","overlay-opacity":"","overlay-gradient":""},"mobile":{"background-color":"","background-image":"","background-repeat":"repeat","background-position":"center center","background-size":"auto","background-attachment":"scroll","background-type":"","background-media":"","overlay-type":"","overlay-color":"","overlay-opacity":"","overlay-gradient":""}},"ast-content-background-meta":{"desktop":{"background-color":"var(--ast-global-color-4)","background-image":"","background-repeat":"repeat","background-position":"center center","background-size":"auto","background-attachment":"scroll","background-type":"","background-media":"","overlay-type":"","overlay-color":"","overlay-opacity":"","overlay-gradient":""},"tablet":{"background-color":"var(--ast-global-color-4)","background-image":"","background-repeat":"repeat","background-position":"center center","background-size":"auto","background-attachment":"scroll","background-type":"","background-media":"","overlay-type":"","overlay-color":"","overlay-opacity":"","overlay-gradient":""},"mobile":{"background-color":"var(--ast-global-color-4)","background-image":"","background-repeat":"repeat","background-position":"center center","background-size":"auto","background-attachment":"scroll","background-type":"","background-media":"","overlay-type":"","overlay-color":"","overlay-opacity":"","overlay-gradient":""}},"_themeisle_gutenberg_block_has_review":false,"footnotes":""},"class_list":["post-112","page","type-page","status-publish","hentry"],"_links":{"self":[{"href":"https:\/\/osteopathe-olivier.fr\/index.php\/wp-json\/wp\/v2\/pages\/112","targetHints":{"allow":["GET"]}}],"collection":[{"href":"https:\/\/osteopathe-olivier.fr\/index.php\/wp-json\/wp\/v2\/pages"}],"about":[{"href":"https:\/\/osteopathe-olivier.fr\/index.php\/wp-json\/wp\/v2\/types\/page"}],"author":[{"embeddable":true,"href":"https:\/\/osteopathe-olivier.fr\/index.php\/wp-json\/wp\/v2\/users\/1"}],"replies":[{"embeddable":true,"href":"https:\/\/osteopathe-olivier.fr\/index.php\/wp-json\/wp\/v2\/comments?post=112"}],"version-history":[{"count":2,"href":"https:\/\/osteopathe-olivier.fr\/index.php\/wp-json\/wp\/v2\/pages\/112\/revisions"}],"predecessor-version":[{"id":142,"href":"https:\/\/osteopathe-olivier.fr\/index.php\/wp-json\/wp\/v2\/pages\/112\/revisions\/142"}],"wp:attachment":[{"href":"https:\/\/osteopathe-olivier.fr\/index.php\/wp-json\/wp\/v2\/media?parent=112"}],"curies":[{"name":"wp","href":"https:\/\/api.w.org\/{rel}","templated":true}]}}