{"id":147,"date":"2020-02-09T14:28:48","date_gmt":"2020-02-09T13:28:48","guid":{"rendered":"https:\/\/osteopathe-olivier.ovh\/?page_id=147"},"modified":"2020-02-09T14:59:21","modified_gmt":"2020-02-09T13:59:21","slug":"seniors","status":"publish","type":"page","link":"https:\/\/osteopathe-olivier.fr\/index.php\/seniors\/","title":{"rendered":"SENIORS"},"content":{"rendered":"\n<div class=\"wp-block-image\"><figure class=\"aligncenter size-large is-resized\"><img loading=\"lazy\" decoding=\"async\" src=\"https:\/\/osteopathe-olivier.ovh\/wp-content\/uploads\/2020\/02\/yoga-1434787_1920-1024x683.jpg\" alt=\"\" class=\"wp-image-158\" width=\"441\" height=\"293\" srcset=\"https:\/\/osteopathe-olivier.fr\/wp-content\/uploads\/2020\/02\/yoga-1434787_1920-1024x683.jpg 1024w, https:\/\/osteopathe-olivier.fr\/wp-content\/uploads\/2020\/02\/yoga-1434787_1920-300x200.jpg 300w, https:\/\/osteopathe-olivier.fr\/wp-content\/uploads\/2020\/02\/yoga-1434787_1920-768x512.jpg 768w, https:\/\/osteopathe-olivier.fr\/wp-content\/uploads\/2020\/02\/yoga-1434787_1920-1536x1024.jpg 1536w, https:\/\/osteopathe-olivier.fr\/wp-content\/uploads\/2020\/02\/yoga-1434787_1920-360x240.jpg 360w, https:\/\/osteopathe-olivier.fr\/wp-content\/uploads\/2020\/02\/yoga-1434787_1920.jpg 1920w\" sizes=\"auto, (max-width: 441px) 100vw, 441px\" \/><\/figure><\/div>\n\n\n\n<p>Au fil des ann\u00e9es, le corps change et perd en souplesse. Les ligaments perdent en \u00e9lasticit\u00e9 et les\u00a0cartilages\u00a0s\u2019usent et rendent les gestes de la vie quotidienne plus douloureux et plus difficiles. <\/p>\n\n\n\n<p>Les s\u00e9ances d\u2019ost\u00e9opathie ne constituent pas un rem\u00e8de miracle, mais apportent une alternative non m\u00e9dicamenteuse et am\u00e9liorent significativement l\u2019\u00e9tat de sant\u00e9 g\u00e9n\u00e9ral. C\u2019est une solution totalement compl\u00e9mentaire aux traitements traditionnels des seniors. <\/p>\n\n\n\n<p>L&rsquo;ost\u00e9opathie intervient en pr\u00e9vention comme lorsqu&rsquo;un trouble fonctionnel est d\u00e9j\u00e0 install\u00e9. elle permet d&rsquo;am\u00e9liorer \u00e9galement la qualit\u00e9 de vie quand les patients sont atteints d&rsquo;une pathologie li\u00e9e \u00e0 l&rsquo;\u00e2ge ou non. Le but \u00e9tant de conserver un maximum d&rsquo;autonomie. <\/p>\n\n\n\n<div class=\"wp-block-image\"><figure class=\"aligncenter size-large is-resized\"><img loading=\"lazy\" decoding=\"async\" src=\"https:\/\/osteopathe-olivier.ovh\/wp-content\/uploads\/2020\/02\/senior-3336451_1920-1024x768.jpg\" alt=\"\" class=\"wp-image-159\" width=\"437\" height=\"328\" srcset=\"https:\/\/osteopathe-olivier.fr\/wp-content\/uploads\/2020\/02\/senior-3336451_1920-1024x768.jpg 1024w, https:\/\/osteopathe-olivier.fr\/wp-content\/uploads\/2020\/02\/senior-3336451_1920-300x225.jpg 300w, https:\/\/osteopathe-olivier.fr\/wp-content\/uploads\/2020\/02\/senior-3336451_1920-768x576.jpg 768w, https:\/\/osteopathe-olivier.fr\/wp-content\/uploads\/2020\/02\/senior-3336451_1920-1536x1152.jpg 1536w, https:\/\/osteopathe-olivier.fr\/wp-content\/uploads\/2020\/02\/senior-3336451_1920.jpg 1920w\" sizes=\"auto, (max-width: 437px) 100vw, 437px\" \/><\/figure><\/div>\n\n\n\n<p>Voici une liste non exhaustive des troubles sur lesquelles votre ost\u00e9opathe<a href=\"https:\/\/www.osteo-auteuil.com\/\"> <\/a>peut intervenir:<\/p>\n\n\n\n<ul class=\"wp-block-list\"><li>la lombalgie<\/li><li>Les sciatiques et les Cruralgies<\/li><li>La n\u00e9vralgies cervicaux brachiales (NCB)<\/li><li>Les troubles du transit<\/li><li>Les probl\u00e8mes de retour veineux (jambes lourdes)<\/li><li>Les douleurs articulaires diverses<\/li><li>Les douleurs post chirurgicales (cicatrices douloureuses, adh\u00e9rence cicatricielle, etc\u2026)<\/li><li>Les migraines<\/li><li>Les vertiges <\/li><li>Les probl\u00e8mes de sommeil<\/li><\/ul>\n","protected":false},"excerpt":{"rendered":"<p>Au fil des ann\u00e9es, le corps change et perd en souplesse. Les ligaments perdent en \u00e9lasticit\u00e9 et les\u00a0cartilages\u00a0s\u2019usent et rendent [&hellip;]<\/p>\n","protected":false},"author":1,"featured_media":0,"parent":0,"menu_order":0,"comment_status":"closed","ping_status":"closed","template":"","meta":{"site-sidebar-layout":"default","site-content-layout":"","ast-site-content-layout":"default","site-content-style":"default","site-sidebar-style":"default","ast-global-header-display":"","ast-banner-title-visibility":"","ast-main-header-display":"","ast-hfb-above-header-display":"","ast-hfb-below-header-display":"","ast-hfb-mobile-header-display":"","site-post-title":"","ast-breadcrumbs-content":"","ast-featured-img":"","footer-sml-layout":"","theme-transparent-header-meta":"","adv-header-id-meta":"","stick-header-meta":"","header-above-stick-meta":"","header-main-stick-meta":"","header-below-stick-meta":"","astra-migrate-meta-layouts":"default","ast-page-background-enabled":"default","ast-page-background-meta":{"desktop":{"background-color":"var(--ast-global-color-5)","background-image":"","background-repeat":"repeat","background-position":"center center","background-size":"auto","background-attachment":"scroll","background-type":"","background-media":"","overlay-type":"","overlay-color":"","overlay-opacity":"","overlay-gradient":""},"tablet":{"background-color":"","background-image":"","background-repeat":"repeat","background-position":"center center","background-size":"auto","background-attachment":"scroll","background-type":"","background-media":"","overlay-type":"","overlay-color":"","overlay-opacity":"","overlay-gradient":""},"mobile":{"background-color":"","background-image":"","background-repeat":"repeat","background-position":"center center","background-size":"auto","background-attachment":"scroll","background-type":"","background-media":"","overlay-type":"","overlay-color":"","overlay-opacity":"","overlay-gradient":""}},"ast-content-background-meta":{"desktop":{"background-color":"var(--ast-global-color-4)","background-image":"","background-repeat":"repeat","background-position":"center center","background-size":"auto","background-attachment":"scroll","background-type":"","background-media":"","overlay-type":"","overlay-color":"","overlay-opacity":"","overlay-gradient":""},"tablet":{"background-color":"var(--ast-global-color-4)","background-image":"","background-repeat":"repeat","background-position":"center center","background-size":"auto","background-attachment":"scroll","background-type":"","background-media":"","overlay-type":"","overlay-color":"","overlay-opacity":"","overlay-gradient":""},"mobile":{"background-color":"var(--ast-global-color-4)","background-image":"","background-repeat":"repeat","background-position":"center center","background-size":"auto","background-attachment":"scroll","background-type":"","background-media":"","overlay-type":"","overlay-color":"","overlay-opacity":"","overlay-gradient":""}},"_themeisle_gutenberg_block_has_review":false,"footnotes":""},"class_list":["post-147","page","type-page","status-publish","hentry"],"_links":{"self":[{"href":"https:\/\/osteopathe-olivier.fr\/index.php\/wp-json\/wp\/v2\/pages\/147","targetHints":{"allow":["GET"]}}],"collection":[{"href":"https:\/\/osteopathe-olivier.fr\/index.php\/wp-json\/wp\/v2\/pages"}],"about":[{"href":"https:\/\/osteopathe-olivier.fr\/index.php\/wp-json\/wp\/v2\/types\/page"}],"author":[{"embeddable":true,"href":"https:\/\/osteopathe-olivier.fr\/index.php\/wp-json\/wp\/v2\/users\/1"}],"replies":[{"embeddable":true,"href":"https:\/\/osteopathe-olivier.fr\/index.php\/wp-json\/wp\/v2\/comments?post=147"}],"version-history":[{"count":3,"href":"https:\/\/osteopathe-olivier.fr\/index.php\/wp-json\/wp\/v2\/pages\/147\/revisions"}],"predecessor-version":[{"id":160,"href":"https:\/\/osteopathe-olivier.fr\/index.php\/wp-json\/wp\/v2\/pages\/147\/revisions\/160"}],"wp:attachment":[{"href":"https:\/\/osteopathe-olivier.fr\/index.php\/wp-json\/wp\/v2\/media?parent=147"}],"curies":[{"name":"wp","href":"https:\/\/api.w.org\/{rel}","templated":true}]}}