{"id":44,"date":"2020-02-08T16:39:03","date_gmt":"2020-02-08T15:39:03","guid":{"rendered":"http:\/\/osteopathe-olivier.ovh\/?page_id=44"},"modified":"2025-12-04T16:05:15","modified_gmt":"2025-12-04T15:05:15","slug":"tarifs","status":"publish","type":"page","link":"https:\/\/osteopathe-olivier.fr\/index.php\/tarifs\/","title":{"rendered":"TARIFS"},"content":{"rendered":"\n<p><strong>Consultation d&rsquo;ost\u00e9opathie au cabinet<\/strong><\/p>\n\n\n\n<p class=\"has-text-align-center\">55\u20ac la s\u00e9ance<\/p>\n\n\n\n<p><strong>Consultation d&rsquo;Ost\u00e9opathie \u00e0 domicile :<\/strong><\/p>\n\n\n\n<p class=\"has-text-align-center\">60\u20ac la s\u00e9ance<\/p>\n\n\n\n<h2 class=\"wp-block-heading\">SECTEUR DE CONSULTATION A DOMICILE<\/h2>\n\n\n\n<p>Votre ost\u00e9opathe se d\u00e9place dans les communes suivantes<\/p>\n\n\n\n<p>Bazouges-la-P\u00e9rouse, Val Couesnon (Tremblay, Antrain, Saint Ou\u00ebn La Rouerie, La Fontenelle),Le Chatellier, Noyal sous Bazouges, Chauvign\u00e9, Marcill\u00e9-Raoult, Les portes du Coglais (Montours, Cogles, La Selle en Cogles) Maen Roch ( Saint Brice en Cogles, Saint Etienne en Cogles), Romou, Romazy, Saint Germain en Cogles, Saint Hilaire des Landes, Saint Marc le Blanc, Saint R\u00e9my du Plain, Romagn\u00e9, L\u00e9cousse, Foug\u00e8res.<\/p>\n\n\n\n<p>(Si votre commune ne figure pas dans la liste merci de me contacter au 06.86.12.95.63)<\/p>\n\n\n\n<p>Dur\u00e9e d&rsquo;une s\u00e9ance : environ 3\/4 d&rsquo;heure.<\/p>\n\n\n\n<div class=\"wp-block-button aligncenter\"><a class=\"wp-block-button__link wp-element-button\" href=\"https:\/\/www.doctolib.fr\/osteopathe\/val-couesnon\/laetitia-olivier\">Prendre RDV en ligne<\/a><\/div>\n\n\n\n<p><\/p>\n\n\n\n<p>Les consultations d&rsquo;ost\u00e9opathie ne sont pas rembours\u00e9es par la s\u00e9curit\u00e9 sociale.&nbsp;<\/p>\n\n\n\n<p>Cependant un grand nombre de mutuelles prennent en charge tout ou partie des s\u00e9ances d&rsquo;ost\u00e9opathie.<\/p>\n\n\n\n<p>Mode de r\u00e8glement : CB, Ch\u00e8que ou Esp\u00e8ces&nbsp;<\/p>\n\n\n\n<p><\/p>\n\n\n\n<p>Vous trouverez <a href=\"https:\/\/www.osteopathie.org\/mutuelles.html\">sur ce site<\/a> une liste non exhaustive des mutuelles prenant en charge les s\u00e9ances d&rsquo;ost\u00e9opathie.<\/p>\n","protected":false},"excerpt":{"rendered":"<p>Consultation d&rsquo;ost\u00e9opathie au cabinet 55\u20ac la s\u00e9ance Consultation d&rsquo;Ost\u00e9opathie \u00e0 domicile : 60\u20ac la s\u00e9ance SECTEUR DE CONSULTATION A DOMICILE [&hellip;]<\/p>\n","protected":false},"author":1,"featured_media":0,"parent":0,"menu_order":0,"comment_status":"closed","ping_status":"closed","template":"","meta":{"site-sidebar-layout":"default","site-content-layout":"","ast-site-content-layout":"default","site-content-style":"default","site-sidebar-style":"default","ast-global-header-display":"","ast-banner-title-visibility":"","ast-main-header-display":"","ast-hfb-above-header-display":"","ast-hfb-below-header-display":"","ast-hfb-mobile-header-display":"","site-post-title":"","ast-breadcrumbs-content":"","ast-featured-img":"","footer-sml-layout":"","theme-transparent-header-meta":"","adv-header-id-meta":"","stick-header-meta":"","header-above-stick-meta":"","header-main-stick-meta":"","header-below-stick-meta":"","astra-migrate-meta-layouts":"default","ast-page-background-enabled":"default","ast-page-background-meta":{"desktop":{"background-color":"var(--ast-global-color-5)","background-image":"","background-repeat":"repeat","background-position":"center center","background-size":"auto","background-attachment":"scroll","background-type":"","background-media":"","overlay-type":"","overlay-color":"","overlay-opacity":"","overlay-gradient":""},"tablet":{"background-color":"","background-image":"","background-repeat":"repeat","background-position":"center center","background-size":"auto","background-attachment":"scroll","background-type":"","background-media":"","overlay-type":"","overlay-color":"","overlay-opacity":"","overlay-gradient":""},"mobile":{"background-color":"","background-image":"","background-repeat":"repeat","background-position":"center center","background-size":"auto","background-attachment":"scroll","background-type":"","background-media":"","overlay-type":"","overlay-color":"","overlay-opacity":"","overlay-gradient":""}},"ast-content-background-meta":{"desktop":{"background-color":"var(--ast-global-color-4)","background-image":"","background-repeat":"repeat","background-position":"center center","background-size":"auto","background-attachment":"scroll","background-type":"","background-media":"","overlay-type":"","overlay-color":"","overlay-opacity":"","overlay-gradient":""},"tablet":{"background-color":"var(--ast-global-color-4)","background-image":"","background-repeat":"repeat","background-position":"center center","background-size":"auto","background-attachment":"scroll","background-type":"","background-media":"","overlay-type":"","overlay-color":"","overlay-opacity":"","overlay-gradient":""},"mobile":{"background-color":"var(--ast-global-color-4)","background-image":"","background-repeat":"repeat","background-position":"center center","background-size":"auto","background-attachment":"scroll","background-type":"","background-media":"","overlay-type":"","overlay-color":"","overlay-opacity":"","overlay-gradient":""}},"_themeisle_gutenberg_block_has_review":false,"footnotes":""},"class_list":["post-44","page","type-page","status-publish","hentry"],"_links":{"self":[{"href":"https:\/\/osteopathe-olivier.fr\/index.php\/wp-json\/wp\/v2\/pages\/44","targetHints":{"allow":["GET"]}}],"collection":[{"href":"https:\/\/osteopathe-olivier.fr\/index.php\/wp-json\/wp\/v2\/pages"}],"about":[{"href":"https:\/\/osteopathe-olivier.fr\/index.php\/wp-json\/wp\/v2\/types\/page"}],"author":[{"embeddable":true,"href":"https:\/\/osteopathe-olivier.fr\/index.php\/wp-json\/wp\/v2\/users\/1"}],"replies":[{"embeddable":true,"href":"https:\/\/osteopathe-olivier.fr\/index.php\/wp-json\/wp\/v2\/comments?post=44"}],"version-history":[{"count":17,"href":"https:\/\/osteopathe-olivier.fr\/index.php\/wp-json\/wp\/v2\/pages\/44\/revisions"}],"predecessor-version":[{"id":331,"href":"https:\/\/osteopathe-olivier.fr\/index.php\/wp-json\/wp\/v2\/pages\/44\/revisions\/331"}],"wp:attachment":[{"href":"https:\/\/osteopathe-olivier.fr\/index.php\/wp-json\/wp\/v2\/media?parent=44"}],"curies":[{"name":"wp","href":"https:\/\/api.w.org\/{rel}","templated":true}]}}